{"id":19,"date":"2021-05-05T12:51:26","date_gmt":"2021-05-05T12:51:26","guid":{"rendered":"http:\/\/www.usmsaranvtt.com\/?page_id=19"},"modified":"2025-07-23T14:43:45","modified_gmt":"2025-07-23T12:43:45","slug":"a-propos-de-nous","status":"publish","type":"page","link":"https:\/\/usmsaranvtt.com\/index.php\/a-propos-de-nous\/","title":{"rendered":"\u00c0 PROPOS DE NOUS"},"content":{"rendered":"\t\t<div data-elementor-type=\"wp-page\" data-elementor-id=\"19\" class=\"elementor elementor-19\">\n\t\t\t\t\t\t<section class=\"elementor-section elementor-top-section elementor-element elementor-element-9196767 elementor-section-boxed elementor-section-height-default elementor-section-height-default\" data-id=\"9196767\" data-element_type=\"section\">\n\t\t\t\t\t\t<div class=\"elementor-container elementor-column-gap-default\">\n\t\t\t\t\t<div class=\"elementor-column elementor-col-100 elementor-top-column elementor-element elementor-element-ca57ea6\" data-id=\"ca57ea6\" data-element_type=\"column\">\n\t\t\t<div class=\"elementor-widget-wrap elementor-element-populated\">\n\t\t\t\t\t\t<div class=\"elementor-element elementor-element-067bbde elementor-widget-divider--view-line elementor-widget elementor-widget-divider\" data-id=\"067bbde\" data-element_type=\"widget\" data-widget_type=\"divider.default\">\n\t\t\t\t<div class=\"elementor-widget-container\">\n\t\t\t\t\t\t\t<div class=\"elementor-divider\">\n\t\t\t<span class=\"elementor-divider-separator\">\n\t\t\t\t\t\t<\/span>\n\t\t<\/div>\n\t\t\t\t\t\t<\/div>\n\t\t\t\t<\/div>\n\t\t\t\t<div class=\"elementor-element elementor-element-d2db1a7 elementor-widget elementor-widget-heading\" data-id=\"d2db1a7\" data-element_type=\"widget\" data-widget_type=\"heading.default\">\n\t\t\t\t<div class=\"elementor-widget-container\">\n\t\t\t\t\t<h2 class=\"elementor-heading-title elementor-size-default\">L'USM SARAN VTT PR\u00c9SENTE SES MEMBRES<\/h2>\t\t\t\t<\/div>\n\t\t\t\t<\/div>\n\t\t\t\t<div class=\"elementor-element elementor-element-1258739 elementor-widget-divider--view-line elementor-widget elementor-widget-divider\" data-id=\"1258739\" data-element_type=\"widget\" data-widget_type=\"divider.default\">\n\t\t\t\t<div class=\"elementor-widget-container\">\n\t\t\t\t\t\t\t<div class=\"elementor-divider\">\n\t\t\t<span class=\"elementor-divider-separator\">\n\t\t\t\t\t\t<\/span>\n\t\t<\/div>\n\t\t\t\t\t\t<\/div>\n\t\t\t\t<\/div>\n\t\t\t\t\t<\/div>\n\t\t<\/div>\n\t\t\t\t\t<\/div>\n\t\t<\/section>\n\t\t\t\t<section class=\"elementor-section elementor-top-section elementor-element elementor-element-5296560 elementor-section-boxed elementor-section-height-default elementor-section-height-default\" data-id=\"5296560\" data-element_type=\"section\">\n\t\t\t\t\t\t<div class=\"elementor-container elementor-column-gap-default\">\n\t\t\t\t\t<div class=\"elementor-column elementor-col-100 elementor-top-column elementor-element elementor-element-a8bb3ac\" data-id=\"a8bb3ac\" data-element_type=\"column\">\n\t\t\t<div class=\"elementor-widget-wrap elementor-element-populated\">\n\t\t\t\t\t\t<section class=\"elementor-section elementor-inner-section elementor-element elementor-element-fbc0540 elementor-section-boxed elementor-section-height-default elementor-section-height-default\" data-id=\"fbc0540\" data-element_type=\"section\">\n\t\t\t\t\t\t<div class=\"elementor-container elementor-column-gap-default\">\n\t\t\t\t\t<div class=\"elementor-column elementor-col-50 elementor-inner-column elementor-element elementor-element-d8ebd51\" data-id=\"d8ebd51\" data-element_type=\"column\">\n\t\t\t<div class=\"elementor-widget-wrap elementor-element-populated\">\n\t\t\t\t\t\t<div class=\"elementor-element elementor-element-30feefe elementor-widget elementor-widget-image\" data-id=\"30feefe\" data-element_type=\"widget\" data-widget_type=\"image.default\">\n\t\t\t\t<div class=\"elementor-widget-container\">\n\t\t\t\t\t\t\t\t\t\t\t\t\t\t\t<img fetchpriority=\"high\" decoding=\"async\" width=\"1109\" height=\"1392\" src=\"https:\/\/usmsaranvtt.com\/wp-content\/uploads\/2022\/02\/RICHARD-o.jpg\" class=\"attachment-full size-full wp-image-581\" alt=\"\" srcset=\"https:\/\/usmsaranvtt.com\/wp-content\/uploads\/2022\/02\/RICHARD-o.jpg 1109w, https:\/\/usmsaranvtt.com\/wp-content\/uploads\/2022\/02\/RICHARD-o-239x300.jpg 239w, https:\/\/usmsaranvtt.com\/wp-content\/uploads\/2022\/02\/RICHARD-o-816x1024.jpg 816w, https:\/\/usmsaranvtt.com\/wp-content\/uploads\/2022\/02\/RICHARD-o-768x964.jpg 768w\" sizes=\"(max-width: 1109px) 100vw, 1109px\" \/>\t\t\t\t\t\t\t\t\t\t\t\t\t\t\t<\/div>\n\t\t\t\t<\/div>\n\t\t\t\t\t<\/div>\n\t\t<\/div>\n\t\t\t\t<div class=\"elementor-column elementor-col-50 elementor-inner-column elementor-element elementor-element-18f6107\" data-id=\"18f6107\" data-element_type=\"column\">\n\t\t\t<div class=\"elementor-widget-wrap elementor-element-populated\">\n\t\t\t\t\t\t<div class=\"elementor-element elementor-element-a01a174 elementor-widget elementor-widget-text-editor\" data-id=\"a01a174\" data-element_type=\"widget\" data-widget_type=\"text-editor.default\">\n\t\t\t\t<div class=\"elementor-widget-container\">\n\t\t\t\t\t\t\t\t\t<p>Richard Debout &#8211; Pr\u00e9sident de l&rsquo;association USM Saran VTT<\/p><p><a href=\"mailto:president@usmsaranvtt.com\">president@usmsaranvtt.com<\/a><\/p>\t\t\t\t\t\t\t\t<\/div>\n\t\t\t\t<\/div>\n\t\t\t\t\t<\/div>\n\t\t<\/div>\n\t\t\t\t\t<\/div>\n\t\t<\/section>\n\t\t\t\t\t<\/div>\n\t\t<\/div>\n\t\t\t\t\t<\/div>\n\t\t<\/section>\n\t\t\t\t<section class=\"elementor-section elementor-top-section elementor-element elementor-element-fb739ba elementor-section-boxed elementor-section-height-default elementor-section-height-default\" data-id=\"fb739ba\" data-element_type=\"section\">\n\t\t\t\t\t\t<div class=\"elementor-container elementor-column-gap-default\">\n\t\t\t\t\t<div class=\"elementor-column elementor-col-100 elementor-top-column elementor-element elementor-element-1a60b7a\" data-id=\"1a60b7a\" data-element_type=\"column\">\n\t\t\t<div class=\"elementor-widget-wrap elementor-element-populated\">\n\t\t\t\t\t\t<section class=\"elementor-section elementor-inner-section elementor-element elementor-element-8f64bed elementor-section-boxed elementor-section-height-default elementor-section-height-default\" data-id=\"8f64bed\" data-element_type=\"section\">\n\t\t\t\t\t\t<div class=\"elementor-container elementor-column-gap-default\">\n\t\t\t\t\t<div class=\"elementor-column elementor-col-50 elementor-inner-column elementor-element elementor-element-6b0027f\" data-id=\"6b0027f\" data-element_type=\"column\">\n\t\t\t<div class=\"elementor-widget-wrap elementor-element-populated\">\n\t\t\t\t\t\t<div class=\"elementor-element elementor-element-e3ef674 elementor-widget elementor-widget-image\" data-id=\"e3ef674\" data-element_type=\"widget\" data-widget_type=\"image.default\">\n\t\t\t\t<div class=\"elementor-widget-container\">\n\t\t\t\t\t\t\t\t\t\t\t\t\t\t\t<img decoding=\"async\" width=\"664\" height=\"1024\" src=\"https:\/\/usmsaranvtt.com\/wp-content\/uploads\/2022\/02\/Resized_IMG-20210921-WA0000-664x1024.jpg\" class=\"attachment-large size-large wp-image-620\" alt=\"\" srcset=\"https:\/\/usmsaranvtt.com\/wp-content\/uploads\/2022\/02\/Resized_IMG-20210921-WA0000-664x1024.jpg 664w, https:\/\/usmsaranvtt.com\/wp-content\/uploads\/2022\/02\/Resized_IMG-20210921-WA0000-195x300.jpg 195w, https:\/\/usmsaranvtt.com\/wp-content\/uploads\/2022\/02\/Resized_IMG-20210921-WA0000-768x1184.jpg 768w, https:\/\/usmsaranvtt.com\/wp-content\/uploads\/2022\/02\/Resized_IMG-20210921-WA0000-997x1536.jpg 997w, https:\/\/usmsaranvtt.com\/wp-content\/uploads\/2022\/02\/Resized_IMG-20210921-WA0000-1329x2048.jpg 1329w, https:\/\/usmsaranvtt.com\/wp-content\/uploads\/2022\/02\/Resized_IMG-20210921-WA0000.jpg 1425w\" sizes=\"(max-width: 664px) 100vw, 664px\" \/>\t\t\t\t\t\t\t\t\t\t\t\t\t\t\t<\/div>\n\t\t\t\t<\/div>\n\t\t\t\t\t<\/div>\n\t\t<\/div>\n\t\t\t\t<div class=\"elementor-column elementor-col-50 elementor-inner-column elementor-element elementor-element-2fc56b9\" data-id=\"2fc56b9\" data-element_type=\"column\">\n\t\t\t<div class=\"elementor-widget-wrap elementor-element-populated\">\n\t\t\t\t\t\t<div class=\"elementor-element elementor-element-5c28c40 elementor-widget elementor-widget-text-editor\" data-id=\"5c28c40\" data-element_type=\"widget\" data-widget_type=\"text-editor.default\">\n\t\t\t\t<div class=\"elementor-widget-container\">\n\t\t\t\t\t\t\t\t\t<p class=\"bureau_titre\">Martine Degrigny &#8211; Secr\u00e9taire<\/p><p><a href=\"mailto:secretaire@usmsaranvtt.com\">secretaire@usmsaranvtt.com<\/a><\/p>\t\t\t\t\t\t\t\t<\/div>\n\t\t\t\t<\/div>\n\t\t\t\t\t<\/div>\n\t\t<\/div>\n\t\t\t\t\t<\/div>\n\t\t<\/section>\n\t\t\t\t\t<\/div>\n\t\t<\/div>\n\t\t\t\t\t<\/div>\n\t\t<\/section>\n\t\t\t\t<section class=\"elementor-section elementor-top-section elementor-element elementor-element-b031f2f elementor-section-boxed elementor-section-height-default elementor-section-height-default\" data-id=\"b031f2f\" data-element_type=\"section\">\n\t\t\t\t\t\t<div class=\"elementor-container elementor-column-gap-default\">\n\t\t\t\t\t<div class=\"elementor-column elementor-col-100 elementor-top-column elementor-element elementor-element-40b24e2\" data-id=\"40b24e2\" data-element_type=\"column\">\n\t\t\t<div class=\"elementor-widget-wrap elementor-element-populated\">\n\t\t\t\t\t\t<section class=\"elementor-section elementor-inner-section elementor-element elementor-element-9efd44d elementor-section-boxed elementor-section-height-default elementor-section-height-default\" data-id=\"9efd44d\" data-element_type=\"section\">\n\t\t\t\t\t\t<div class=\"elementor-container elementor-column-gap-default\">\n\t\t\t\t\t<div class=\"elementor-column elementor-col-50 elementor-inner-column elementor-element elementor-element-2ba7c1e\" data-id=\"2ba7c1e\" data-element_type=\"column\">\n\t\t\t<div class=\"elementor-widget-wrap elementor-element-populated\">\n\t\t\t\t\t\t<div class=\"elementor-element elementor-element-490c9c4 elementor-widget elementor-widget-image\" data-id=\"490c9c4\" data-element_type=\"widget\" data-widget_type=\"image.default\">\n\t\t\t\t<div class=\"elementor-widget-container\">\n\t\t\t\t\t\t\t\t\t\t\t\t\t\t\t<img decoding=\"async\" width=\"1726\" height=\"2325\" src=\"https:\/\/usmsaranvtt.com\/wp-content\/uploads\/2022\/02\/IMG_4533.jpg\" class=\"attachment-full size-full wp-image-583\" alt=\"\" srcset=\"https:\/\/usmsaranvtt.com\/wp-content\/uploads\/2022\/02\/IMG_4533.jpg 1726w, https:\/\/usmsaranvtt.com\/wp-content\/uploads\/2022\/02\/IMG_4533-223x300.jpg 223w, https:\/\/usmsaranvtt.com\/wp-content\/uploads\/2022\/02\/IMG_4533-760x1024.jpg 760w, https:\/\/usmsaranvtt.com\/wp-content\/uploads\/2022\/02\/IMG_4533-768x1035.jpg 768w, https:\/\/usmsaranvtt.com\/wp-content\/uploads\/2022\/02\/IMG_4533-1140x1536.jpg 1140w, https:\/\/usmsaranvtt.com\/wp-content\/uploads\/2022\/02\/IMG_4533-1520x2048.jpg 1520w\" sizes=\"(max-width: 1726px) 100vw, 1726px\" \/>\t\t\t\t\t\t\t\t\t\t\t\t\t\t\t<\/div>\n\t\t\t\t<\/div>\n\t\t\t\t\t<\/div>\n\t\t<\/div>\n\t\t\t\t<div class=\"elementor-column elementor-col-50 elementor-inner-column elementor-element elementor-element-57ee67c\" data-id=\"57ee67c\" data-element_type=\"column\">\n\t\t\t<div class=\"elementor-widget-wrap elementor-element-populated\">\n\t\t\t\t\t\t<div class=\"elementor-element elementor-element-06f847f elementor-widget elementor-widget-text-editor\" data-id=\"06f847f\" data-element_type=\"widget\" data-widget_type=\"text-editor.default\">\n\t\t\t\t<div class=\"elementor-widget-container\">\n\t\t\t\t\t\t\t\t\t<p class=\"bureau_nom\">Gilles Bartholomeus &#8211; Tr\u00e9sorier\u00a0<\/p><p class=\"bureau_mail\"><a href=\"mailto:tresorier@usmsaranvtt.com\">tresorier@usmsaranvtt.com<\/a><\/p>\t\t\t\t\t\t\t\t<\/div>\n\t\t\t\t<\/div>\n\t\t\t\t\t<\/div>\n\t\t<\/div>\n\t\t\t\t\t<\/div>\n\t\t<\/section>\n\t\t\t\t\t<\/div>\n\t\t<\/div>\n\t\t\t\t\t<\/div>\n\t\t<\/section>\n\t\t\t\t<section class=\"elementor-section elementor-top-section elementor-element elementor-element-dc308f4 elementor-section-boxed elementor-section-height-default elementor-section-height-default\" data-id=\"dc308f4\" data-element_type=\"section\">\n\t\t\t\t\t\t<div class=\"elementor-container elementor-column-gap-default\">\n\t\t\t\t\t<div class=\"elementor-column elementor-col-100 elementor-top-column elementor-element elementor-element-ec5444c\" data-id=\"ec5444c\" data-element_type=\"column\">\n\t\t\t<div class=\"elementor-widget-wrap elementor-element-populated\">\n\t\t\t\t\t\t<section class=\"elementor-section elementor-inner-section elementor-element elementor-element-0a69047 elementor-section-boxed elementor-section-height-default elementor-section-height-default\" data-id=\"0a69047\" data-element_type=\"section\">\n\t\t\t\t\t\t<div class=\"elementor-container elementor-column-gap-default\">\n\t\t\t\t\t<div class=\"elementor-column elementor-col-50 elementor-inner-column elementor-element elementor-element-a36dc48\" data-id=\"a36dc48\" data-element_type=\"column\">\n\t\t\t<div class=\"elementor-widget-wrap elementor-element-populated\">\n\t\t\t\t\t\t<div class=\"elementor-element elementor-element-b018ac2 elementor-widget elementor-widget-image\" data-id=\"b018ac2\" data-element_type=\"widget\" data-widget_type=\"image.default\">\n\t\t\t\t<div class=\"elementor-widget-container\">\n\t\t\t\t\t\t\t\t\t\t\t\t\t\t\t<img loading=\"lazy\" decoding=\"async\" width=\"720\" height=\"960\" src=\"https:\/\/usmsaranvtt.com\/wp-content\/uploads\/2022\/02\/IMG_6042.jpg\" class=\"attachment-full size-full wp-image-576\" alt=\"\" srcset=\"https:\/\/usmsaranvtt.com\/wp-content\/uploads\/2022\/02\/IMG_6042.jpg 720w, https:\/\/usmsaranvtt.com\/wp-content\/uploads\/2022\/02\/IMG_6042-225x300.jpg 225w\" sizes=\"(max-width: 720px) 100vw, 720px\" \/>\t\t\t\t\t\t\t\t\t\t\t\t\t\t\t<\/div>\n\t\t\t\t<\/div>\n\t\t\t\t\t<\/div>\n\t\t<\/div>\n\t\t\t\t<div class=\"elementor-column elementor-col-50 elementor-inner-column elementor-element elementor-element-214e191\" data-id=\"214e191\" data-element_type=\"column\">\n\t\t\t<div class=\"elementor-widget-wrap elementor-element-populated\">\n\t\t\t\t\t\t<div class=\"elementor-element elementor-element-9744a59 elementor-widget elementor-widget-text-editor\" data-id=\"9744a59\" data-element_type=\"widget\" data-widget_type=\"text-editor.default\">\n\t\t\t\t<div class=\"elementor-widget-container\">\n\t\t\t\t\t\t\t\t\t<p class=\"bureau_nom\">Jo\u00ebl Vernay &#8211; Responsable Rando<\/p><p class=\"bureau_mail\"><a href=\"mailto:rando@usmsaranvtt.com\">rando@usmsaranvtt.com<\/a><\/p>\t\t\t\t\t\t\t\t<\/div>\n\t\t\t\t<\/div>\n\t\t\t\t\t<\/div>\n\t\t<\/div>\n\t\t\t\t\t<\/div>\n\t\t<\/section>\n\t\t\t\t\t<\/div>\n\t\t<\/div>\n\t\t\t\t\t<\/div>\n\t\t<\/section>\n\t\t\t\t<section class=\"elementor-section elementor-top-section elementor-element elementor-element-d04970e elementor-section-boxed elementor-section-height-default elementor-section-height-default\" data-id=\"d04970e\" data-element_type=\"section\">\n\t\t\t\t\t\t<div class=\"elementor-container elementor-column-gap-default\">\n\t\t\t\t\t<div class=\"elementor-column elementor-col-100 elementor-top-column elementor-element elementor-element-2b0abfc\" data-id=\"2b0abfc\" data-element_type=\"column\">\n\t\t\t<div class=\"elementor-widget-wrap elementor-element-populated\">\n\t\t\t\t\t\t<section class=\"elementor-section elementor-inner-section elementor-element elementor-element-8c522ee elementor-section-boxed elementor-section-height-default elementor-section-height-default\" data-id=\"8c522ee\" data-element_type=\"section\">\n\t\t\t\t\t\t<div class=\"elementor-container elementor-column-gap-default\">\n\t\t\t\t\t<div class=\"elementor-column elementor-col-50 elementor-inner-column elementor-element elementor-element-7b9129b\" data-id=\"7b9129b\" data-element_type=\"column\">\n\t\t\t<div class=\"elementor-widget-wrap elementor-element-populated\">\n\t\t\t\t\t\t<div class=\"elementor-element elementor-element-eacddc5 elementor-widget elementor-widget-image\" data-id=\"eacddc5\" data-element_type=\"widget\" data-widget_type=\"image.default\">\n\t\t\t\t<div class=\"elementor-widget-container\">\n\t\t\t\t\t\t\t\t\t\t\t\t\t\t\t<img loading=\"lazy\" decoding=\"async\" width=\"429\" height=\"621\" src=\"https:\/\/usmsaranvtt.com\/wp-content\/uploads\/2022\/02\/IMG_9727.jpg\" class=\"attachment-large size-large wp-image-584\" alt=\"\" srcset=\"https:\/\/usmsaranvtt.com\/wp-content\/uploads\/2022\/02\/IMG_9727.jpg 429w, https:\/\/usmsaranvtt.com\/wp-content\/uploads\/2022\/02\/IMG_9727-207x300.jpg 207w\" sizes=\"(max-width: 429px) 100vw, 429px\" \/>\t\t\t\t\t\t\t\t\t\t\t\t\t\t\t<\/div>\n\t\t\t\t<\/div>\n\t\t\t\t\t<\/div>\n\t\t<\/div>\n\t\t\t\t<div class=\"elementor-column elementor-col-50 elementor-inner-column elementor-element elementor-element-9c5cc4d\" data-id=\"9c5cc4d\" data-element_type=\"column\">\n\t\t\t<div class=\"elementor-widget-wrap elementor-element-populated\">\n\t\t\t\t\t\t<div class=\"elementor-element elementor-element-16f520f elementor-widget elementor-widget-text-editor\" data-id=\"16f520f\" data-element_type=\"widget\" data-widget_type=\"text-editor.default\">\n\t\t\t\t<div class=\"elementor-widget-container\">\n\t\t\t\t\t\t\t\t\t<p class=\"bureau_titre\">Jean-Marc Pavy &#8211; Responsable Comp\u00e9tition\u00a0<\/p><p class=\"bureau_mail\"><a href=\"mailto:compet@usmsaranvtt.com\">compet@usmsaranvtt.com<\/a><\/p>\t\t\t\t\t\t\t\t<\/div>\n\t\t\t\t<\/div>\n\t\t\t\t\t<\/div>\n\t\t<\/div>\n\t\t\t\t\t<\/div>\n\t\t<\/section>\n\t\t\t\t\t<\/div>\n\t\t<\/div>\n\t\t\t\t\t<\/div>\n\t\t<\/section>\n\t\t\t\t<section class=\"elementor-section elementor-top-section elementor-element elementor-element-a2493e8 elementor-section-boxed elementor-section-height-default elementor-section-height-default\" data-id=\"a2493e8\" data-element_type=\"section\">\n\t\t\t\t\t\t<div class=\"elementor-container elementor-column-gap-default\">\n\t\t\t\t\t<div class=\"elementor-column elementor-col-100 elementor-top-column elementor-element elementor-element-8e82056\" data-id=\"8e82056\" data-element_type=\"column\">\n\t\t\t<div class=\"elementor-widget-wrap elementor-element-populated\">\n\t\t\t\t\t\t<section class=\"elementor-section elementor-inner-section elementor-element elementor-element-3349063 elementor-section-boxed elementor-section-height-default elementor-section-height-default\" data-id=\"3349063\" data-element_type=\"section\">\n\t\t\t\t\t\t<div class=\"elementor-container elementor-column-gap-default\">\n\t\t\t\t\t<div class=\"elementor-column elementor-col-50 elementor-inner-column elementor-element elementor-element-2947db2\" data-id=\"2947db2\" data-element_type=\"column\">\n\t\t\t<div class=\"elementor-widget-wrap elementor-element-populated\">\n\t\t\t\t\t\t<div class=\"elementor-element elementor-element-11e01cf elementor-widget elementor-widget-image\" data-id=\"11e01cf\" data-element_type=\"widget\" data-widget_type=\"image.default\">\n\t\t\t\t<div class=\"elementor-widget-container\">\n\t\t\t\t\t\t\t\t\t\t\t\t\t\t\t<img decoding=\"async\" src=\"https:\/\/usmsaranvtt.com\/wp-content\/uploads\/2022\/02\/IMG_9524.jpg\" class=\"attachment-full size-full wp-image-585\" alt=\"\" \/>\t\t\t\t\t\t\t\t\t\t\t\t\t\t\t<\/div>\n\t\t\t\t<\/div>\n\t\t\t\t\t<\/div>\n\t\t<\/div>\n\t\t\t\t<div class=\"elementor-column elementor-col-50 elementor-inner-column elementor-element elementor-element-473440b\" data-id=\"473440b\" data-element_type=\"column\">\n\t\t\t<div class=\"elementor-widget-wrap elementor-element-populated\">\n\t\t\t\t\t\t<div class=\"elementor-element elementor-element-20c4df9 elementor-widget elementor-widget-text-editor\" data-id=\"20c4df9\" data-element_type=\"widget\" data-widget_type=\"text-editor.default\">\n\t\t\t\t<div class=\"elementor-widget-container\">\n\t\t\t\t\t\t\t\t\t<p class=\"bureau_titre\">No\u00e9mie Bartholomeus &#8211;\u00a0 Responsable\u00a0 Communication\u00a0<\/p><p class=\"bureau_mail\"><a href=\"mailto:web@usmsaranvtt.com\">web@usmsaranvtt.com<\/a><\/p>\t\t\t\t\t\t\t\t<\/div>\n\t\t\t\t<\/div>\n\t\t\t\t\t<\/div>\n\t\t<\/div>\n\t\t\t\t\t<\/div>\n\t\t<\/section>\n\t\t\t\t\t<\/div>\n\t\t<\/div>\n\t\t\t\t\t<\/div>\n\t\t<\/section>\n\t\t\t\t<\/div>\n\t\t","protected":false},"excerpt":{"rendered":"<p>L&rsquo;USM SARAN VTT PR\u00c9SENTE SES MEMBRES Richard Debout &#8211; Pr\u00e9sident de l&rsquo;association USM Saran VTT president@usmsaranvtt.com Martine Degrigny &#8211; Secr\u00e9taire secretaire@usmsaranvtt.com Gilles Bartholomeus &#8211; Tr\u00e9sorier\u00a0 tresorier@usmsaranvtt.com Jo\u00ebl Vernay &#8211; Responsable Rando rando@usmsaranvtt.com Jean-Marc Pavy &#8211; Responsable Comp\u00e9tition\u00a0 compet@usmsaranvtt.com No\u00e9mie Bartholomeus &#8211;\u00a0 Responsable\u00a0 Communication\u00a0 web@usmsaranvtt.com<\/p>\n","protected":false},"author":1,"featured_media":0,"parent":0,"menu_order":5,"comment_status":"closed","ping_status":"closed","template":"","meta":{"footnotes":""},"class_list":["post-19","page","type-page","status-publish","hentry"],"_links":{"self":[{"href":"https:\/\/usmsaranvtt.com\/index.php\/wp-json\/wp\/v2\/pages\/19","targetHints":{"allow":["GET"]}}],"collection":[{"href":"https:\/\/usmsaranvtt.com\/index.php\/wp-json\/wp\/v2\/pages"}],"about":[{"href":"https:\/\/usmsaranvtt.com\/index.php\/wp-json\/wp\/v2\/types\/page"}],"author":[{"embeddable":true,"href":"https:\/\/usmsaranvtt.com\/index.php\/wp-json\/wp\/v2\/users\/1"}],"replies":[{"embeddable":true,"href":"https:\/\/usmsaranvtt.com\/index.php\/wp-json\/wp\/v2\/comments?post=19"}],"version-history":[{"count":59,"href":"https:\/\/usmsaranvtt.com\/index.php\/wp-json\/wp\/v2\/pages\/19\/revisions"}],"predecessor-version":[{"id":1318,"href":"https:\/\/usmsaranvtt.com\/index.php\/wp-json\/wp\/v2\/pages\/19\/revisions\/1318"}],"wp:attachment":[{"href":"https:\/\/usmsaranvtt.com\/index.php\/wp-json\/wp\/v2\/media?parent=19"}],"curies":[{"name":"wp","href":"https:\/\/api.w.org\/{rel}","templated":true}]}}